{"id":177,"date":"2017-09-04T12:53:37","date_gmt":"2017-09-04T10:53:37","guid":{"rendered":"https:\/\/www.ilona-zimmermann.com\/laborratten\/?page_id=177"},"modified":"2017-09-07T21:39:51","modified_gmt":"2017-09-07T19:39:51","slug":"impressum","status":"publish","type":"page","link":"https:\/\/www.ilona-zimmermann.com\/laborratten\/impressum\/","title":{"rendered":"Impressum"},"content":{"rendered":"<p>[et_pb_section fb_built=&#8220;1&#8243; _builder_version=&#8220;3.0.47&#8243;][et_pb_row _builder_version=&#8220;3.0.47&#8243; background_size=&#8220;initial&#8220; background_position=&#8220;top_left&#8220; background_repeat=&#8220;repeat&#8220;][et_pb_column type=&#8220;4_4&#8243; _builder_version=&#8220;3.0.71&#8243; parallax=&#8220;off&#8220; parallax_method=&#8220;on&#8220;][et_pb_text _builder_version=&#8220;3.0.71&#8243;]<\/p>\n<h1>Impressum<\/h1>\n<p>&nbsp;<\/p>\n<h2>Angaben gem\u00e4\u00df \u00a7 5 TMG:<\/h2>\n<p>&nbsp;<\/p>\n<p>Dr. Ilona Zimmermann<br \/> Herbststr. 6<br \/> 83620 Feldkirchen-Westerham<\/p>\n<p>&nbsp;<\/p>\n<h2>Kontakt:<\/h2>\n<p>&nbsp;<\/p>\n<table>\n<tbody>\n<tr>\n<td>Telefon:<\/td>\n<td>0159-0605 1127<\/td>\n<\/tr>\n<tr>\n<td>E-Mail:<\/td>\n<td>mail@ilonazimmermann. com<\/td>\n<\/tr>\n<\/tbody>\n<\/table>\n<p>&nbsp;<\/p>\n<h2>Angaben zur Berufshaftpflichtversicherung:<\/h2>\n<p>&nbsp;<\/p>\n<p>Name und Sitz des Versicherers:<\/p>\n<p>Zurich Insurance plc<br \/> 53287 Bonn<\/p>\n<p>&nbsp;<\/p>\n<p>Geltungsraum der Versicherung: Deutschland<\/p>\n<p>&nbsp;<\/p>\n<p>Die Europ\u00e4ische Kommission stellt eine Plattform zur Online- Streitbeilegung (OS) bereit: <a href=\"http:\/\/ec.europa.eu\/consumers\/odr\"> http:\/\/ec.europa.eu\/consumers\/odr<\/a><br \/> Unsere E-Mail-Adresse finden Sie oben im Impressum.<\/p>\n<p>Wir sind nicht bereit oder verpflichtet, an Streitbeilegungsverfahren vor einer Verbraucherschlichtungsstelle teilzunehmen.<\/p>\n<p>&nbsp;<\/p>\n<h2>Haftung f\u00fcr Inhalte<\/h2>\n<p>&nbsp;<\/p>\n<p>Als Diensteanbieter sind wir gem\u00e4\u00df \u00a7 7 Abs.1 TMG f\u00fcr eigene Inhalte auf diesen Seiten nach den allgemeinen Gesetzen verantwortlich. Nach \u00a7\u00a7 8 bis 10 TMG sind wir als Diensteanbieter jedoch nicht verpflichtet, \u00fcbermittelte oder gespeicherte fremde Informationen zu \u00fcberwachen oder nach Umst\u00e4nden zu forschen, die auf eine rechtswidrige T\u00e4tigkeit hinweisen.<\/p>\n<p>&nbsp;<\/p>\n<p>Verpflichtungen zur Entfernung oder Sperrung der Nutzung von Informationen nach den allgemeinen Gesetzen bleiben hiervon unber\u00fchrt. Eine diesbez\u00fcgliche Haftung ist jedoch erst ab dem Zeitpunkt der Kenntnis einer konkreten Rechtsverletzung m\u00f6glich. Bei Bekanntwerden von entsprechenden Rechtsverletzungen werden wir diese Inhalte umgehend entfernen.<\/p>\n<p>&nbsp;<\/p>\n<h2>Haftung f\u00fcr Links<\/h2>\n<p>&nbsp;<\/p>\n<p>Unser Angebot enth\u00e4lt Links zu externen Webseiten Dritter, auf deren Inhalte wir keinen Einfluss haben. Deshalb k\u00f6nnen wir f\u00fcr diese fremden Inhalte auch keine Gew\u00e4hr \u00fcbernehmen. F\u00fcr die Inhalte der verlinkten Seiten ist stets der jeweilige Anbieter oder Betreiber der Seiten verantwortlich. Die verlinkten Seiten wurden zum Zeitpunkt der Verlinkung auf m\u00f6gliche Rechtsverst\u00f6\u00dfe \u00fcberpr\u00fcft. Rechtswidrige Inhalte waren zum Zeitpunkt der Verlinkung nicht erkennbar.<\/p>\n<p>&nbsp;<\/p>\n<p>Eine permanente inhaltliche Kontrolle der verlinkten Seiten ist jedoch ohne konkrete Anhaltspunkte einer Rechtsverletzung nicht zumutbar. Bei Bekanntwerden von Rechtsverletzungen werden wir derartige Links umgehend entfernen.<\/p>\n<p>&nbsp;<\/p>\n<h2>Urheberrecht<\/h2>\n<p>&nbsp;<\/p>\n<p>Die durch die Seitenbetreiber erstellten Inhalte und Werke auf diesen Seiten unterliegen dem deutschen Urheberrecht. Die Vervielf\u00e4ltigung, Bearbeitung, Verbreitung und jede Art der Verwertung au\u00dferhalb der Grenzen des Urheberrechtes bed\u00fcrfen der schriftlichen Zustimmung des jeweiligen Autors bzw. Erstellers. Downloads und Kopien dieser Seite sind nur f\u00fcr den privaten, nicht kommerziellen Gebrauch gestattet.<\/p>\n<p>&nbsp;<\/p>\n<p>Soweit die Inhalte auf dieser Seite nicht vom Betreiber erstellt wurden, werden die Urheberrechte Dritter beachtet. Insbesondere werden Inhalte Dritter als solche gekennzeichnet. Sollten Sie trotzdem auf eine Urheberrechtsverletzung aufmerksam werden, bitten wir um einen entsprechenden Hinweis. Bei Bekanntwerden von Rechtsverletzungen werden wir derartige Inhalte umgehend entfernen.<\/p>\n<p>&nbsp;<\/p>\n<p>&nbsp;<\/p>\n<p>Quelle: <a href=\"https:\/\/www.erecht24.\nde\">e-recht24.de<\/a><\/p>\n<p>[\/et_pb_text][\/et_pb_column][\/et_pb_row][\/et_pb_section]<\/p>\n","protected":false},"excerpt":{"rendered":"<p>[et_pb_section fb_built=&#8220;1&#8243; _builder_version=&#8220;3.0.47&#8243;][et_pb_row _builder_version=&#8220;3.0.47&#8243; background_size=&#8220;initial&#8220; background_position=&#8220;top_left&#8220; background_repeat=&#8220;repeat&#8220;][et_pb_column type=&#8220;4_4&#8243; _builder_version=&#8220;3.0.71&#8243; parallax=&#8220;off&#8220; parallax_method=&#8220;on&#8220;][et_pb_text _builder_version=&#8220;3.0.71&#8243;] Impressum &nbsp; Angaben gem\u00e4\u00df \u00a7 5 TMG: &nbsp; Dr. Ilona Zimmermann Herbststr. 6 83620 Feldkirchen-Westerham &nbsp; Kontakt: &nbsp; Telefon: 0159-0605 1127 E-Mail: mail@ilonazimmermann. com &nbsp; Angaben zur Berufshaftpflichtversicherung: &nbsp; Name und Sitz des Versicherers: Zurich Insurance plc 53287 Bonn &nbsp; Geltungsraum der Versicherung: [&hellip;]<\/p>\n","protected":false},"author":2,"featured_media":0,"parent":0,"menu_order":0,"comment_status":"closed","ping_status":"closed","template":"","meta":{"_et_pb_use_builder":"on","_et_pb_old_content":"","_et_gb_content_width":"","spay_email":""},"yoast_head":"<!-- This site is optimized with the Yoast SEO plugin v16.0.2 - https:\/\/yoast.com\/wordpress\/plugins\/seo\/ -->\n<title>Impressum - Club der Laborratten<\/title>\n<link rel=\"canonical\" href=\"https:\/\/www.ilona-zimmermann.com\/laborratten\/impressum\/\" \/>\n<meta property=\"og:locale\" content=\"de_DE\" \/>\n<meta property=\"og:type\" content=\"article\" \/>\n<meta property=\"og:title\" content=\"Impressum - Club der Laborratten\" \/>\n<meta property=\"og:description\" content=\"[et_pb_section fb_built=&#8220;1&#8243; _builder_version=&#8220;3.0.47&#8243;][et_pb_row _builder_version=&#8220;3.0.47&#8243; background_size=&#8220;initial&#8220; background_position=&#8220;top_left&#8220; background_repeat=&#8220;repeat&#8220;][et_pb_column type=&#8220;4_4&#8243; _builder_version=&#8220;3.0.71&#8243; parallax=&#8220;off&#8220; parallax_method=&#8220;on&#8220;][et_pb_text _builder_version=&#8220;3.0.71&#8243;] Impressum &nbsp; Angaben gem\u00e4\u00df \u00a7 5 TMG: &nbsp; Dr. Ilona Zimmermann Herbststr. 6 83620 Feldkirchen-Westerham &nbsp; Kontakt: &nbsp; Telefon: 0159-0605 1127 E-Mail: mail@ilonazimmermann. com &nbsp; Angaben zur Berufshaftpflichtversicherung: &nbsp; Name und Sitz des Versicherers: Zurich Insurance plc 53287 Bonn &nbsp; Geltungsraum der Versicherung: [&hellip;]\" \/>\n<meta property=\"og:url\" content=\"https:\/\/www.ilona-zimmermann.com\/laborratten\/impressum\/\" \/>\n<meta property=\"og:site_name\" content=\"Club der Laborratten\" \/>\n<meta property=\"article:modified_time\" content=\"2017-09-07T19:39:51+00:00\" \/>\n<meta name=\"twitter:card\" content=\"summary\" \/>\n<meta name=\"twitter:label1\" content=\"Gesch\u00e4tzte Lesezeit\">\n\t<meta name=\"twitter:data1\" content=\"2\u00a0Minuten\">\n<script type=\"application\/ld+json\" class=\"yoast-schema-graph\">{\"@context\":\"https:\/\/schema.org\",\"@graph\":[{\"@type\":\"WebSite\",\"@id\":\"https:\/\/www.ilona-zimmermann.com\/laborratten\/#website\",\"url\":\"https:\/\/www.ilona-zimmermann.com\/laborratten\/\",\"name\":\"Club der Laborratten\",\"description\":\"Dr. Ilona Zimmermann\",\"potentialAction\":[{\"@type\":\"SearchAction\",\"target\":\"https:\/\/www.ilona-zimmermann.com\/laborratten\/?s={search_term_string}\",\"query-input\":\"required name=search_term_string\"}],\"inLanguage\":\"de\"},{\"@type\":\"WebPage\",\"@id\":\"https:\/\/www.ilona-zimmermann.com\/laborratten\/impressum\/#webpage\",\"url\":\"https:\/\/www.ilona-zimmermann.com\/laborratten\/impressum\/\",\"name\":\"Impressum - Club der Laborratten\",\"isPartOf\":{\"@id\":\"https:\/\/www.ilona-zimmermann.com\/laborratten\/#website\"},\"datePublished\":\"2017-09-04T10:53:37+00:00\",\"dateModified\":\"2017-09-07T19:39:51+00:00\",\"breadcrumb\":{\"@id\":\"https:\/\/www.ilona-zimmermann.com\/laborratten\/impressum\/#breadcrumb\"},\"inLanguage\":\"de\",\"potentialAction\":[{\"@type\":\"ReadAction\",\"target\":[\"https:\/\/www.ilona-zimmermann.com\/laborratten\/impressum\/\"]}]},{\"@type\":\"BreadcrumbList\",\"@id\":\"https:\/\/www.ilona-zimmermann.com\/laborratten\/impressum\/#breadcrumb\",\"itemListElement\":[{\"@type\":\"ListItem\",\"position\":1,\"item\":{\"@type\":\"WebPage\",\"@id\":\"https:\/\/www.ilona-zimmermann.com\/laborratten\/\",\"url\":\"https:\/\/www.ilona-zimmermann.com\/laborratten\/\",\"name\":\"Startseite\"}},{\"@type\":\"ListItem\",\"position\":2,\"item\":{\"@type\":\"WebPage\",\"@id\":\"https:\/\/www.ilona-zimmermann.com\/laborratten\/impressum\/\",\"url\":\"https:\/\/www.ilona-zimmermann.com\/laborratten\/impressum\/\",\"name\":\"Impressum\"}}]}]}<\/script>\n<!-- \/ Yoast SEO plugin. -->","jetpack_shortlink":"https:\/\/wp.me\/P96lpI-2R","jetpack-related-posts":[{"id":202,"url":"https:\/\/www.ilona-zimmermann.com\/laborratten\/datenschutzerklaerung\/","url_meta":{"origin":177,"position":0},"title":"Datenschutzerkl\u00e4rung","date":"7. September 2017","format":false,"excerpt":"Datenschutzerkl\u00e4rung Datenschutz Die Betreiber dieser Seiten nehmen den Schutz Ihrer pers\u00f6nlichen Daten sehr ernst. Wir behandeln Ihre personenbezogenen Daten vertraulich und entsprechend der gesetzlichen Datenschutzvorschriften sowie dieser Datenschutzerkl\u00e4rung. Die Nutzung unserer Webseite ist in der Regel ohne Angabe personenbezogener\u2026","rel":"","context":"\u00c4hnlicher Beitrag","img":{"alt_text":"","src":"","width":0,"height":0},"classes":[]},{"id":310,"url":"https:\/\/www.ilona-zimmermann.com\/laborratten\/agb\/","url_meta":{"origin":177,"position":1},"title":"AGB","date":"7. Januar 2018","format":false,"excerpt":"Allgemeine Gesch\u00e4ftsbedingungen Kurse Die Anmeldung erfolgt schriftlich mittels eines Anmeldeformulars des \u201eClub der Laborratten\u201c. Mit der Abgabe der unterzeichnenden Anmeldung kommt es zum Vertragsabschluss. Die Anmeldung verpflichtet zur Zahlung der gesamten Kursgeb\u00fchr Die Zahlung\u2026","rel":"","context":"\u00c4hnlicher Beitrag","img":{"alt_text":"","src":"","width":0,"height":0},"classes":[]}],"_links":{"self":[{"href":"https:\/\/www.ilona-zimmermann.com\/laborratten\/wp-json\/wp\/v2\/pages\/177"}],"collection":[{"href":"https:\/\/www.ilona-zimmermann.com\/laborratten\/wp-json\/wp\/v2\/pages"}],"about":[{"href":"https:\/\/www.ilona-zimmermann.com\/laborratten\/wp-json\/wp\/v2\/types\/page"}],"author":[{"embeddable":true,"href":"https:\/\/www.ilona-zimmermann.com\/laborratten\/wp-json\/wp\/v2\/users\/2"}],"replies":[{"embeddable":true,"href":"https:\/\/www.ilona-zimmermann.com\/laborratten\/wp-json\/wp\/v2\/comments?post=177"}],"version-history":[{"count":4,"href":"https:\/\/www.ilona-zimmermann.com\/laborratten\/wp-json\/wp\/v2\/pages\/177\/revisions"}],"predecessor-version":[{"id":197,"href":"https:\/\/www.ilona-zimmermann.com\/laborratten\/wp-json\/wp\/v2\/pages\/177\/revisions\/197"}],"wp:attachment":[{"href":"https:\/\/www.ilona-zimmermann.com\/laborratten\/wp-json\/wp\/v2\/media?parent=177"}],"curies":[{"name":"wp","href":"https:\/\/api.w.org\/{rel}","templated":true}]}}