{"id":310,"date":"2018-01-07T16:59:14","date_gmt":"2018-01-07T15:59:14","guid":{"rendered":"https:\/\/www.ilona-zimmermann.com\/laborratten\/?page_id=310"},"modified":"2018-01-07T16:59:35","modified_gmt":"2018-01-07T15:59:35","slug":"agb","status":"publish","type":"page","link":"https:\/\/www.ilona-zimmermann.com\/laborratten\/agb\/","title":{"rendered":"AGB"},"content":{"rendered":"<p>[et_pb_section fb_built=&#8220;1&#8243; _builder_version=&#8220;3.0.47&#8243;][et_pb_row _builder_version=&#8220;3.0.47&#8243; background_size=&#8220;initial&#8220; background_position=&#8220;top_left&#8220; background_repeat=&#8220;repeat&#8220;][et_pb_column type=&#8220;4_4&#8243; _builder_version=&#8220;3.0.91&#8243; parallax=&#8220;off&#8220; parallax_method=&#8220;on&#8220;][et_pb_text _builder_version=&#8220;3.0.91&#8243; text_font=&#8220;||||||||&#8220; header_font=&#8220;||||||||&#8220; custom_margin=&#8220;||10px|&#8220; custom_padding=&#8220;||10px|&#8220; custom_margin_last_edited=&#8220;on|desktop&#8220;]<\/p>\n<h1>Allgemeine Gesch\u00e4ftsbedingungen<\/h1>\n<h3>Kurse<\/h3>\n<ol>\n<li>Die Anmeldung erfolgt schriftlich mittels eines Anmeldeformulars des \u201eClub der Laborratten\u201c. Mit der Abgabe der unterzeichnenden Anmeldung kommt es zum Vertragsabschluss.<\/li>\n<li>Die Anmeldung verpflichtet zur Zahlung der gesamten Kursgeb\u00fchr<\/li>\n<li>Die Zahlung der Kursgeb\u00fchr ist am ersten Kurstag in bar zu leisten oder eine Woche vor dem ersten Kurstag auf das Konto von Ilona Zimmermann zu \u00fcberweisen. Bei \u00dcberweisung bitte den Namen des Kindes mit angeben.<\/li>\n<li>Der\/die Teilnehmer\/-in hat keinen Anspruch auf Ersatz der von ihm\/ihr nicht besuchten Kursstunden. Dieses gilt auch, wenn die Kursstunden krankheitsbedingt nicht besucht werden k\u00f6nnen.<\/li>\n<li>Ausgefallene Stunden, die der Kursleiter zu verantworten hat, werden nachgeholt. Der \u201eClub der Laborratten\u201c ist berechtigt, einen Ersatzkursleiter zu stellen.<\/li>\n<\/ol>\n<h3>Haftung<\/h3>\n<ol>\n<li>Die Kursteilnahme in den R\u00e4umlichkeiten der Herbststr. 6, 83620 Feldkirchen-Westerham geschieht auf eigene Gefahr. Im Falle einer Verletzung greift die private Unfallversicherung der betroffenen Person. Im Falle einer Besch\u00e4digung des Inventars greift die Private Haftpflichtversicherung des Verursachers. Der \u201eClub der Laborratten\u201c haftet nur f\u00fcr Sch\u00e4den, die durch Vorsatz oder grobe Fahrl\u00e4ssigkeit seitens der Kursleitung entstehen.<\/li>\n<li>F\u00fcr Verluste oder Besch\u00e4digung von mitgebrachter Kleidung, Wertgegenst\u00e4nde oder Bargeld haftet der Veranstalter nicht.<\/li>\n<\/ol>\n<h3>Sonstiges\/Schlussbestimmung<\/h3>\n<ol>\n<li>W\u00e4hrend der Kurse erstelltes Foto- oder Videomaterial kann von Dr. Ilona Zimmermann zu Werbezwecken verwendet werden.<\/li>\n<li>Mit der Unterschrift auf der Anmeldung erkl\u00e4rt der Kunde, dass er diese AGB vor Abgabe seines Anmeldeformulars zur Kenntnis genommen hat und akzeptiert.<\/li>\n<li>Sollte eine der Bedingungen nichtig oder unwirksam sein, so bleiben der restliche Vertrag, sowie die weiteren Teilnahmebedingungen hiervon unber\u00fchrt. Anstelle dieser nichtigen oder unwirksamen Bedingungen treten die gesetzlichen Bedingungen ein.<\/li>\n<\/ol>\n<p>Stand: 02.01.2018, Dr. Ilona Zimmermann, Herbststr. 6, 83620 Feldkirchen-Westerham<\/p>\n<p>[\/et_pb_text][\/et_pb_column][\/et_pb_row][\/et_pb_section]<\/p>\n","protected":false},"excerpt":{"rendered":"<p>[et_pb_section fb_built=&#8220;1&#8243; _builder_version=&#8220;3.0.47&#8243;][et_pb_row _builder_version=&#8220;3.0.47&#8243; background_size=&#8220;initial&#8220; background_position=&#8220;top_left&#8220; background_repeat=&#8220;repeat&#8220;][et_pb_column type=&#8220;4_4&#8243; _builder_version=&#8220;3.0.91&#8243; parallax=&#8220;off&#8220; parallax_method=&#8220;on&#8220;][et_pb_text _builder_version=&#8220;3.0.91&#8243; text_font=&#8220;||||||||&#8220; header_font=&#8220;||||||||&#8220; custom_margin=&#8220;||10px|&#8220; custom_padding=&#8220;||10px|&#8220; custom_margin_last_edited=&#8220;on|desktop&#8220;] Allgemeine Gesch\u00e4ftsbedingungen Kurse Die Anmeldung erfolgt schriftlich mittels eines Anmeldeformulars des \u201eClub der Laborratten\u201c. Mit der Abgabe der unterzeichnenden Anmeldung kommt es zum Vertragsabschluss. Die Anmeldung verpflichtet zur Zahlung der gesamten Kursgeb\u00fchr Die Zahlung der Kursgeb\u00fchr ist am [&hellip;]<\/p>\n","protected":false},"author":2,"featured_media":0,"parent":0,"menu_order":0,"comment_status":"closed","ping_status":"closed","template":"","meta":{"_et_pb_use_builder":"on","_et_pb_old_content":"","_et_gb_content_width":"","spay_email":""},"yoast_head":"<!-- This site is optimized with the Yoast SEO plugin v16.0.2 - https:\/\/yoast.com\/wordpress\/plugins\/seo\/ -->\n<title>AGB - Club der Laborratten<\/title>\n<link rel=\"canonical\" href=\"https:\/\/www.ilona-zimmermann.com\/laborratten\/agb\/\" \/>\n<meta property=\"og:locale\" content=\"de_DE\" \/>\n<meta property=\"og:type\" content=\"article\" \/>\n<meta property=\"og:title\" content=\"AGB - Club der Laborratten\" \/>\n<meta property=\"og:description\" content=\"[et_pb_section fb_built=&#8220;1&#8243; _builder_version=&#8220;3.0.47&#8243;][et_pb_row _builder_version=&#8220;3.0.47&#8243; background_size=&#8220;initial&#8220; background_position=&#8220;top_left&#8220; background_repeat=&#8220;repeat&#8220;][et_pb_column type=&#8220;4_4&#8243; _builder_version=&#8220;3.0.91&#8243; parallax=&#8220;off&#8220; parallax_method=&#8220;on&#8220;][et_pb_text _builder_version=&#8220;3.0.91&#8243; text_font=&#8220;||||||||&#8220; header_font=&#8220;||||||||&#8220; custom_margin=&#8220;||10px|&#8220; custom_padding=&#8220;||10px|&#8220; custom_margin_last_edited=&#8220;on|desktop&#8220;] Allgemeine Gesch\u00e4ftsbedingungen Kurse Die Anmeldung erfolgt schriftlich mittels eines Anmeldeformulars des \u201eClub der Laborratten\u201c. Mit der Abgabe der unterzeichnenden Anmeldung kommt es zum Vertragsabschluss. Die Anmeldung verpflichtet zur Zahlung der gesamten Kursgeb\u00fchr Die Zahlung der Kursgeb\u00fchr ist am [&hellip;]\" \/>\n<meta property=\"og:url\" content=\"https:\/\/www.ilona-zimmermann.com\/laborratten\/agb\/\" \/>\n<meta property=\"og:site_name\" content=\"Club der Laborratten\" \/>\n<meta property=\"article:modified_time\" content=\"2018-01-07T15:59:35+00:00\" \/>\n<meta name=\"twitter:card\" content=\"summary\" \/>\n<meta name=\"twitter:label1\" content=\"Gesch\u00e4tzte Lesezeit\">\n\t<meta name=\"twitter:data1\" content=\"2\u00a0Minuten\">\n<script type=\"application\/ld+json\" class=\"yoast-schema-graph\">{\"@context\":\"https:\/\/schema.org\",\"@graph\":[{\"@type\":\"WebSite\",\"@id\":\"https:\/\/www.ilona-zimmermann.com\/laborratten\/#website\",\"url\":\"https:\/\/www.ilona-zimmermann.com\/laborratten\/\",\"name\":\"Club der Laborratten\",\"description\":\"Dr. Ilona Zimmermann\",\"potentialAction\":[{\"@type\":\"SearchAction\",\"target\":\"https:\/\/www.ilona-zimmermann.com\/laborratten\/?s={search_term_string}\",\"query-input\":\"required name=search_term_string\"}],\"inLanguage\":\"de\"},{\"@type\":\"WebPage\",\"@id\":\"https:\/\/www.ilona-zimmermann.com\/laborratten\/agb\/#webpage\",\"url\":\"https:\/\/www.ilona-zimmermann.com\/laborratten\/agb\/\",\"name\":\"AGB - Club der Laborratten\",\"isPartOf\":{\"@id\":\"https:\/\/www.ilona-zimmermann.com\/laborratten\/#website\"},\"datePublished\":\"2018-01-07T15:59:14+00:00\",\"dateModified\":\"2018-01-07T15:59:35+00:00\",\"breadcrumb\":{\"@id\":\"https:\/\/www.ilona-zimmermann.com\/laborratten\/agb\/#breadcrumb\"},\"inLanguage\":\"de\",\"potentialAction\":[{\"@type\":\"ReadAction\",\"target\":[\"https:\/\/www.ilona-zimmermann.com\/laborratten\/agb\/\"]}]},{\"@type\":\"BreadcrumbList\",\"@id\":\"https:\/\/www.ilona-zimmermann.com\/laborratten\/agb\/#breadcrumb\",\"itemListElement\":[{\"@type\":\"ListItem\",\"position\":1,\"item\":{\"@type\":\"WebPage\",\"@id\":\"https:\/\/www.ilona-zimmermann.com\/laborratten\/\",\"url\":\"https:\/\/www.ilona-zimmermann.com\/laborratten\/\",\"name\":\"Startseite\"}},{\"@type\":\"ListItem\",\"position\":2,\"item\":{\"@type\":\"WebPage\",\"@id\":\"https:\/\/www.ilona-zimmermann.com\/laborratten\/agb\/\",\"url\":\"https:\/\/www.ilona-zimmermann.com\/laborratten\/agb\/\",\"name\":\"AGB\"}}]}]}<\/script>\n<!-- \/ Yoast SEO plugin. -->","jetpack_shortlink":"https:\/\/wp.me\/P96lpI-50","jetpack-related-posts":[{"id":48,"url":"https:\/\/www.ilona-zimmermann.com\/laborratten\/","url_meta":{"origin":310,"position":0},"title":"Startseite","date":"22. August 2017","format":false,"excerpt":"[et_pb_row\u2026","rel":"","context":"\u00c4hnlicher Beitrag","img":{"alt_text":"","src":"","width":0,"height":0},"classes":[]},{"id":202,"url":"https:\/\/www.ilona-zimmermann.com\/laborratten\/datenschutzerklaerung\/","url_meta":{"origin":310,"position":1},"title":"Datenschutzerkl\u00e4rung","date":"7. September 2017","format":false,"excerpt":"Datenschutzerkl\u00e4rung Datenschutz Die Betreiber dieser Seiten nehmen den Schutz Ihrer pers\u00f6nlichen Daten sehr ernst. Wir behandeln Ihre personenbezogenen Daten vertraulich und entsprechend der gesetzlichen Datenschutzvorschriften sowie dieser Datenschutzerkl\u00e4rung. Die Nutzung unserer Webseite ist in der Regel ohne Angabe personenbezogener\u2026","rel":"","context":"\u00c4hnlicher Beitrag","img":{"alt_text":"","src":"","width":0,"height":0},"classes":[]},{"id":177,"url":"https:\/\/www.ilona-zimmermann.com\/laborratten\/impressum\/","url_meta":{"origin":310,"position":2},"title":"Impressum","date":"4. September 2017","format":false,"excerpt":"Impressum \u00a0 Angaben gem\u00e4\u00df \u00a7 5 TMG: \u00a0 Dr. Ilona Zimmermann Herbststr. 6 83620 Feldkirchen-Westerham \u00a0 Kontakt: \u00a0 Telefon: 0159-0605 1127 E-Mail: mail@ilonazimmermann. com \u00a0 Angaben zur Berufshaftpflichtversicherung: \u00a0 Name und Sitz des Versicherers:Zurich Insurance plc 53287 Bonn \u00a0\u2026","rel":"","context":"\u00c4hnlicher Beitrag","img":{"alt_text":"","src":"","width":0,"height":0},"classes":[]},{"id":90,"url":"https:\/\/www.ilona-zimmermann.com\/laborratten\/ueber-mich\/","url_meta":{"origin":310,"position":3},"title":"\u00dcber mich","date":"25. August 2017","format":false,"excerpt":"\u00dcber mich \u00a0 Gro\u00dfe Kinderaugen sehen mich fragend an: \u201ewas machen die Sterne tags\u00fcber und warum gibt es eigentlich \u00fcberhaupt Tag und Nacht?\u201c \u2013 Fragen die ich mir als Kind selbst gestellt habe. Fragen wie\u2026","rel":"","context":"\u00c4hnlicher Beitrag","img":{"alt_text":"","src":"","width":0,"height":0},"classes":[]}],"_links":{"self":[{"href":"https:\/\/www.ilona-zimmermann.com\/laborratten\/wp-json\/wp\/v2\/pages\/310"}],"collection":[{"href":"https:\/\/www.ilona-zimmermann.com\/laborratten\/wp-json\/wp\/v2\/pages"}],"about":[{"href":"https:\/\/www.ilona-zimmermann.com\/laborratten\/wp-json\/wp\/v2\/types\/page"}],"author":[{"embeddable":true,"href":"https:\/\/www.ilona-zimmermann.com\/laborratten\/wp-json\/wp\/v2\/users\/2"}],"replies":[{"embeddable":true,"href":"https:\/\/www.ilona-zimmermann.com\/laborratten\/wp-json\/wp\/v2\/comments?post=310"}],"version-history":[{"count":2,"href":"https:\/\/www.ilona-zimmermann.com\/laborratten\/wp-json\/wp\/v2\/pages\/310\/revisions"}],"predecessor-version":[{"id":312,"href":"https:\/\/www.ilona-zimmermann.com\/laborratten\/wp-json\/wp\/v2\/pages\/310\/revisions\/312"}],"wp:attachment":[{"href":"https:\/\/www.ilona-zimmermann.com\/laborratten\/wp-json\/wp\/v2\/media?parent=310"}],"curies":[{"name":"wp","href":"https:\/\/api.w.org\/{rel}","templated":true}]}}