{"id":48,"date":"2017-08-22T15:19:53","date_gmt":"2017-08-22T13:19:53","guid":{"rendered":"http:\/\/www.ilona-zimmermann.com\/laborratten\/?page_id=48"},"modified":"2018-12-09T17:14:18","modified_gmt":"2018-12-09T16:14:18","slug":"startseite","status":"publish","type":"page","link":"https:\/\/www.ilona-zimmermann.com\/laborratten\/","title":{"rendered":"Startseite"},"content":{"rendered":"<p>[et_pb_section fb_built=&#8220;1&#8243; admin_label=&#8220;section&#8220; _builder_version=&#8220;3.0.74&#8243; background_color=&#8220;#8dbce8&#8243; parallax=&#8220;on&#8220;][et_pb_row _builder_version=&#8220;3.0.71&#8243; background_color=&#8220;#ffffff&#8220;][et_pb_column type=&#8220;3_4&#8243; _builder_version=&#8220;3.0.47&#8243; parallax=&#8220;off&#8220; parallax_method=&#8220;on&#8220;][et_pb_text _builder_version=&#8220;3.0.71&#8243; text_font=&#8220;Amatic SC||||&#8220; text_text_color=&#8220;#e02b20&#8243; text_font_size=&#8220;110px&#8220; text_letter_spacing=&#8220;4px&#8220; text_line_height=&#8220;1px&#8220; text_orientation=&#8220;center&#8220; module_alignment=&#8220;center&#8220; custom_margin=&#8220;|||&#8220; custom_padding=&#8220;60px|25px|80px|25px&#8220;]<\/p>\n<p style=\"text-align: center\"><strong>Club der Laborratten<\/strong><\/p>\n<p>[\/et_pb_text][et_pb_text _builder_version=&#8220;3.0.74&#8243; header_font=&#8220;|on|||&#8220; header_text_color=&#8220;#444444&#8243;]<\/p>\n<h1 style=\"text-align: center\">&#8222;Das Spiel ist die h\u00f6chste Form der Forschung&#8220;<\/h1>\n<p style=\"text-align: center\">Albert Einstein<\/p>\n<p>[\/et_pb_text][et_pb_text _builder_version=&#8220;3.0.74&#8243;][\/et_pb_text][\/et_pb_column][et_pb_column type=&#8220;1_4&#8243; _builder_version=&#8220;3.0.47&#8243; parallax=&#8220;off&#8220; parallax_method=&#8220;on&#8220;][et_pb_image src=&#8220;https:\/\/www.ilona-zimmermann.com\/laborratten\/wp-content\/uploads\/sites\/3\/2017\/09\/Labormaus-1.jpg&#8220; _builder_version=&#8220;3.0.74&#8243; animation_style=&#8220;slide&#8220; animation_direction=&#8220;left&#8220; animation_duration=&#8220;500ms&#8220; animation_intensity_slide=&#8220;10%&#8220;][\/et_pb_image][\/et_pb_column][\/et_pb_row][et_pb_row custom_padding=&#8220;27px|0px|28px|0px&#8220; _builder_version=&#8220;3.0.69&#8243;][et_pb_column type=&#8220;4_4&#8243; _builder_version=&#8220;3.0.47&#8243; parallax=&#8220;off&#8220; parallax_method=&#8220;on&#8220;][et_pb_text _builder_version=&#8220;3.0.74&#8243; background_color=&#8220;#ffffff&#8220; custom_margin=&#8220;|||&#8220; custom_padding=&#8220;25px|25px|25px|25px&#8220;]<\/p>\n<div><span style=\"font-size: medium\">Warum brennt eine Kerze? Warum fallen wir nicht von der Erde? Wie kommt der Regen in die Wolken? Warum fliegt ein Flugzeug?<\/span><\/div>\n<div><span style=\"font-size: medium\">Fragen zu diesen und anderen Themen aus Natur, Wissenschaft und Technik gehen wir im Club der Laborratten auf den Grund. In kleinen Gruppen t\u00fcfteln, forschen und experimentieren wir, und lernen so auf spannende und spielerische Weise die Welt kennen.<\/span><\/div>\n<p>[\/et_pb_text][\/et_pb_column][\/et_pb_row][et_pb_row _builder_version=&#8220;3.0.69&#8243;][et_pb_column type=&#8220;4_4&#8243; _builder_version=&#8220;3.0.47&#8243; parallax=&#8220;off&#8220; parallax_method=&#8220;on&#8220;][et_pb_gallery gallery_ids=&#8220;93,147,51,304,83&#8243; gallery_captions=&#8220;kinetischer Sand,Eierdampfschiff,Lavalampe,Kristalle,Sturm im Wasserglas&#8220; orientation=&#8220;portrait&#8220; show_title_and_caption=&#8220;off&#8220; show_pagination=&#8220;off&#8220; _builder_version=&#8220;3.0.91&#8243; title_font=&#8220;||||||||&#8220;][\/et_pb_gallery][\/et_pb_column][\/et_pb_row][et_pb_row padding_top_1=&#8220;0px&#8220; padding_top_2=&#8220;0px&#8220; padding_right_1=&#8220;25px&#8220; padding_right_2=&#8220;25px&#8220; padding_bottom_1=&#8220;0px&#8220; padding_bottom_2=&#8220;0px&#8220; padding_left_1=&#8220;25px&#8220; padding_left_2=&#8220;25px&#8220; _builder_version=&#8220;3.0.71&#8243; background_color=&#8220;#ffffff&#8220;][et_pb_column type=&#8220;4_4&#8243; _builder_version=&#8220;3.0.47&#8243; padding_bottom=&#8220;0px&#8220; padding_left=&#8220;25px&#8220; padding_right=&#8220;25px&#8220; padding_top=&#8220;0px&#8220; parallax=&#8220;off&#8220; parallax_method=&#8220;on&#8220;][et_pb_blurb title=&#8220;Termine w\u00f6chentliche Kurse&#8220; _builder_version=&#8220;3.11.1&#8243; header_font=&#8220;|on|||&#8220; header_font_size=&#8220;25px&#8220; body_font=&#8220;||||&#8220; body_font_size=&#8220;16px&#8220; custom_margin_last_edited=&#8220;on|desktop&#8220; custom_padding=&#8220;25px|0px||&#8220; inline_fonts=&#8220;Arimo&#8220;]<\/p>\n<p>&nbsp;<\/p>\n<table style=\"border-color: #5f5f5f\">\n<tbody>\n<tr style=\"border-color: #5f5f5f\">\n<td style=\"border-color: #5f5f5f;text-align: center\"><span style=\"color: #666666;font-family: Arimo;font-size: medium\">Kursbeginn<\/span><\/td>\n<td style=\"border-color: #5f5f5f;text-align: center\"><span style=\"color: #666666;font-family: Arimo;font-size: medium\">Einheiten<\/span><\/td>\n<td style=\"border-color: #5f5f5f;text-align: center\"><span style=\"color: #666666;font-family: Arimo;font-size: medium\">Uhrzeit<\/span><\/td>\n<td style=\"border-color: #5f5f5f;text-align: center\"><span style=\"color: #666666;font-family: Arimo;font-size: medium\">Alter<\/span><\/td>\n<td style=\"border-color: #5f5f5f;text-align: center\"><span style=\"color: #666666;font-family: Arimo;font-size: medium\">Anmeldung<\/span><\/td>\n<\/tr>\n<tr style=\"border-color: #5f5f5f\">\n<td style=\"border-color: #5f5f5f;text-align: center\"><span style=\"font-family: Arimo;font-size: medium\">14.01.2019<\/span><\/td>\n<td style=\"border-color: #5f5f5f;text-align: center\"><span style=\"font-family: Arimo;font-size: medium\">5<\/span><\/td>\n<td style=\"border-color: #5f5f5f;text-align: center\"><span style=\"font-family: Arimo;font-size: medium\">15:30-16:30<\/span><\/td>\n<td style=\"border-color: #5f5f5f;text-align: center\"><span style=\"font-family: Arimo;font-size: medium\">4-6<\/span><\/td>\n<td style=\"border-color: #5f5f5f;text-align: center\"><span style=\"font-family: Arimo;font-size: medium\">\u00fcber vhs Feldkirchen-Westerham<\/span><\/td>\n<\/tr>\n<\/tr>\n<tr style=\"border-color: #5f5f5f\">\n<td style=\"border-color: #5f5f5f;text-align: center\"><span style=\"font-family: Arimo;font-size: medium\">06.03.2019<\/span><\/td>\n<td style=\"border-color: #5f5f5f;text-align: center\"><span style=\"font-family: Arimo;font-size: medium\">3<\/span><\/td>\n<td style=\"border-color: #5f5f5f;text-align: center\"><span style=\"font-family: Arimo;font-size: medium\">15:30-16:30<\/span><\/td>\n<td style=\"border-color: #5f5f5f;text-align: center\"><span style=\"font-family: Arimo;font-size: medium\">4-6<\/span><\/td>\n<td style=\"border-color: #5f5f5f;text-align: center\"><span style=\"font-family: Arimo;font-size: medium\">\u00fcber vhs Feldkirchen-Westerham<\/span><\/td>\n<\/tr>\n<\/tbody>\n<\/table>\n<p>[\/et_pb_blurb][et_pb_blurb title=&#8220;Themenkurse&#8220; _builder_version=&#8220;3.11.1&#8243; header_font=&#8220;|on|||&#8220; header_font_size=&#8220;28px&#8220; body_font_size=&#8220;16px&#8220; custom_margin=&#8220;|||&#8220; custom_padding=&#8220;0px|||&#8220;]<\/p>\n<table style=\"border-color: #5f5f5f\">\n<tbody>\n<tr style=\"height: 24px\">\n<td style=\"border-color: #5f5f5f;height: 24px;text-align: center\"><span style=\"font-size: medium\">Thema<\/span><\/td>\n<td style=\"border-color: #5f5f5f;height: 24px;text-align: center\"><span style=\"font-size: medium\">Kurstag<\/span><\/td>\n<td style=\"border-color: #5f5f5f;height: 24px;text-align: center\"><span style=\"font-size: medium\">Uhrzeit<\/span><\/td>\n<td style=\"border-color: #5f5f5f;height: 24px;text-align: center\"><span style=\"font-size: medium\">Alter<\/span><\/td>\n<td style=\"border-color: #5f5f5f;height: 24px;text-align: center\">Anmeldung<\/td>\n<\/tr>\n<tr style=\"height: 29px\">\n<td style=\"border-color: #5f5f5f;height: 29px;text-align: center\">Eierlei<\/td>\n<td style=\"border-color: #5f5f5f;height: 29px;text-align: center\">06.04.2019<\/td>\n<td style=\"border-color: #5f5f5f;height: 29px;text-align: center\">10:00-11:30<\/td>\n<td style=\"border-color: #5f5f5f;height: 29px;text-align: center\">6-10<\/td>\n<td style=\"border-color: #5f5f5f;height: 29px;text-align: center\">\u00fcber vhs Feldkirchen-Westerham<\/td>\n<\/tr>\n<\/tr>\n<tr style=\"height: 29px\">\n<td style=\"border-color: #5f5f5f;height: 29px;text-align: center\">Licht und Farben<\/td>\n<td style=\"border-color: #5f5f5f;height: 29px;text-align: center\">06.07.2019<\/td>\n<td style=\"border-color: #5f5f5f;height: 29px;text-align: center\">10:00-11:30<\/td>\n<td style=\"border-color: #5f5f5f;height: 29px;text-align: center\">6-10<\/td>\n<td style=\"border-color: #5f5f5f;height: 29px;text-align: center\">\u00fcber vhs Feldkirchen-Westerham<\/td>\n<\/tr>\n<\/tbody>\n<\/table>\n<p>[\/et_pb_blurb][et_pb_text _builder_version=&#8220;3.0.74&#8243; text_font_size=&#8220;16px&#8220;]<\/p>\n<div>\n<p style=\"text-align: left\">Sie m\u00f6chten Ihr Kind zum Geburtstag mit einem Forscherkurs \u00fcberraschen? Sie planen ein Ferienprogramm f\u00fcr Kinder? Dann sprechen Sie mich an. Die Kurse sind f\u00fcr Kinder von 4 bis\u00a010 Jahren konzipiert. Wir k\u00f6nnen ganz nach Ihren W\u00fcnschen ein Programm zusammenstellen, z.B.:<\/p>\n<div>\n<div>\n<p>\u00a0<\/p>\n<ul>\n<li style=\"text-align: justify\">Geburtstagsforschen &#8211; die spannendsten Experimente<\/li>\n<li style=\"text-align: justify\">Was ein Detektiv wissen muss<\/li>\n<li style=\"text-align: justify\">Tat\u00fctata &#8211; die Feuerwehr ist da<\/li>\n<li style=\"text-align: justify\">Forschen f\u00fcr kleine Prinzessinnen<\/li>\n<li style=\"text-align: justify\">und vieles mehr!<\/li>\n<\/ul>\n<\/div>\n<\/div>\n<\/div>\n<p>[\/et_pb_text][\/et_pb_column][\/et_pb_row][et_pb_row _builder_version=&#8220;3.0.71&#8243;][et_pb_column type=&#8220;4_4&#8243; _builder_version=&#8220;3.0.47&#8243; parallax=&#8220;off&#8220; parallax_method=&#8220;on&#8220;][et_pb_text _builder_version=&#8220;3.0.74&#8243; text_font_size=&#8220;16px&#8220; background_color=&#8220;#ffffff&#8220; custom_padding=&#8220;25px|25px|25px|25px&#8220;]<\/p>\n<div>\n<p style=\"text-align: left\">Wie lernen Kinder \u2013 wie entdecken Sie ihre Umwelt? Im Grunde wie ein Wissenschaftler: sie sto\u00dfen auf eine Frage, \u00fcberlegen m\u00f6gliche Antworten und beweisen\/wiederlegen diese in Experimenten. Und genauso wollen wir zusammen Antworten auf Fragen finden, die unsere Kleinen vielleicht schon l\u00e4nger besch\u00e4ftigen. Am Anfang steht in der Regel eine Frage im Raum, umrahmt von einer Geschichte, Bildern oder einem Erlebnis. In unserer kleinen Forschergruppe \u00fcberlegen wir uns dann gemeinsam m\u00f6gliche Erkl\u00e4rungen f\u00fcr solch ein Ph\u00e4nomen und diskutieren diese. Durch gezielte Fragestellungen unterst\u00fctze ich dabei, wobei die Kreativit\u00e4t der Kinder h\u00e4ufig selbst f\u00fcr mich \u00fcberraschende Ergebnisse bereith\u00e4lt. Im Vordergrund steht jedoch das Lernen und Erfahren durch eigenes ausprobieren und experimentieren. Und so gehen wir im Anschluss daran, unseren Theorien auf den Zahn zu f\u00fchlen und einem bzw. mehreren Experimenten zu unterziehen. Nat\u00fcrlich m\u00fcssen dabei auch selbst gebaute Autos, Boote oder Hubschrauber &#8222;lackiert&#8220;, oder ein selbst entwickeltes Luftkissenfahrzeug bei einem Wettrennen erprobt werden.<\/p>\n<p>Unsere fortlaufenden, w\u00f6chentlichen Kurse besch\u00e4ftigen sich zum einen mit jahreszeitenspezifischen Themen. Angefangen von Eis und Schnee, Mond und Sternen im Winter, \u00fcber das Erwachen der Pflanzen im Fr\u00fchling und Themen zu Sonne, Wasser, Strand im Sommer sowie Wind und Flugphysik beim Drachensteigen im Herbst. Daneben behandeln wir nat\u00fcrlich auch Themen die von den Jahreszeiten unabh\u00e4ngig sind, wie z.B. Magnetismus, Elektrizit\u00e4t, die 4 Elemente, Musik und T\u00f6ne, Farben usw.<\/p>\n<p>Zus\u00e4tzlich gibt es anlassbezogene Themenkurse f\u00fcr die Gr\u00f6\u00dferen, in denen wir uns auf einzelne Schwerpunkte konzentrieren und mehrere Experimente z.B. aus dem Umfeld Feuerwehr, Fliegerei\u2026 durchf\u00fchren.<\/p>\n<\/div>\n<p>[\/et_pb_text][\/et_pb_column][\/et_pb_row][et_pb_row module_id=&#8220;karte&#8220; _builder_version=&#8220;3.0.71&#8243; background_color=&#8220;rgba(0,0,0,0.78)&#8220;][et_pb_column type=&#8220;4_4&#8243; _builder_version=&#8220;3.0.47&#8243; parallax=&#8220;off&#8220; parallax_method=&#8220;on&#8220;][et_pb_text _builder_version=&#8220;3.0.74&#8243; header_text_color=&#8220;#ffffff&#8220; background_layout=&#8220;dark&#8220; custom_margin=&#8220;|||5px&#8220; custom_padding=&#8220;|||5px&#8220;]<\/p>\n<h3 style=\"text-align: left\"><strong>Kursort<\/strong><\/h3>\n<h4 style=\"text-align: left\">Herbststr. 6, 83620 Feldkirchen-Westerham<\/h4>\n<p>[\/et_pb_text][et_pb_map address=&#8220;Herbststra\u00dfe 6, 83620 Feldkirchen-Westerham, Germany&#8220; address_lat=&#8220;47.892942&#8243; address_lng=&#8220;11.8330574&#8243; _builder_version=&#8220;3.0.91&#8243;][et_pb_map_pin title=&#8220;Herbststr. 6 | 83620 Feldkirchen-Westerham&#8220; _builder_version=&#8220;3.0.71&#8243;]Herbststr. 6 | 83620 Feldkirchen-Westerham<br \/>\n[\/et_pb_map_pin][\/et_pb_map][\/et_pb_column][\/et_pb_row][\/et_pb_section]<\/p>\n","protected":false},"excerpt":{"rendered":"<p>[et_pb_section fb_built=&#8220;1&#8243; admin_label=&#8220;section&#8220; _builder_version=&#8220;3.0.74&#8243; background_color=&#8220;#8dbce8&#8243; parallax=&#8220;on&#8220;][et_pb_row _builder_version=&#8220;3.0.71&#8243; background_color=&#8220;#ffffff&#8220;][et_pb_column type=&#8220;3_4&#8243; _builder_version=&#8220;3.0.47&#8243; parallax=&#8220;off&#8220; parallax_method=&#8220;on&#8220;][et_pb_text _builder_version=&#8220;3.0.71&#8243; text_font=&#8220;Amatic SC||||&#8220; text_text_color=&#8220;#e02b20&#8243; text_font_size=&#8220;110px&#8220; text_letter_spacing=&#8220;4px&#8220; text_line_height=&#8220;1px&#8220; text_orientation=&#8220;center&#8220; module_alignment=&#8220;center&#8220; custom_margin=&#8220;|||&#8220; custom_padding=&#8220;60px|25px|80px|25px&#8220;] Club der Laborratten [\/et_pb_text][et_pb_text _builder_version=&#8220;3.0.74&#8243; header_font=&#8220;|on|||&#8220; header_text_color=&#8220;#444444&#8243;] &#8222;Das Spiel ist die h\u00f6chste Form der Forschung&#8220; Albert Einstein [\/et_pb_text][et_pb_text _builder_version=&#8220;3.0.74&#8243;][\/et_pb_text][\/et_pb_column][et_pb_column type=&#8220;1_4&#8243; _builder_version=&#8220;3.0.47&#8243; parallax=&#8220;off&#8220; parallax_method=&#8220;on&#8220;][et_pb_image src=&#8220;https:\/\/www.ilona-zimmermann.com\/laborratten\/wp-content\/uploads\/sites\/3\/2017\/09\/Labormaus-1.jpg&#8220; _builder_version=&#8220;3.0.74&#8243; animation_style=&#8220;slide&#8220; animation_direction=&#8220;left&#8220; animation_duration=&#8220;500ms&#8220; animation_intensity_slide=&#8220;10%&#8220;][\/et_pb_image][\/et_pb_column][\/et_pb_row][et_pb_row custom_padding=&#8220;27px|0px|28px|0px&#8220; _builder_version=&#8220;3.0.69&#8243;][et_pb_column type=&#8220;4_4&#8243; [&hellip;]<\/p>\n","protected":false},"author":1,"featured_media":0,"parent":0,"menu_order":0,"comment_status":"closed","ping_status":"closed","template":"","meta":{"_et_pb_use_builder":"on","_et_pb_old_content":"","_et_gb_content_width":"","spay_email":""},"yoast_head":"<!-- This site is optimized with the Yoast SEO plugin v16.0.2 - https:\/\/yoast.com\/wordpress\/plugins\/seo\/ -->\n<title>Startseite - Club der Laborratten<\/title>\n<link rel=\"canonical\" href=\"https:\/\/www.ilona-zimmermann.com\/laborratten\/\" \/>\n<meta property=\"og:locale\" content=\"de_DE\" \/>\n<meta property=\"og:type\" content=\"article\" \/>\n<meta property=\"og:title\" content=\"Startseite - Club der Laborratten\" \/>\n<meta property=\"og:description\" content=\"[et_pb_section fb_built=&#8220;1&#8243; admin_label=&#8220;section&#8220; _builder_version=&#8220;3.0.74&#8243; background_color=&#8220;#8dbce8&#8243; parallax=&#8220;on&#8220;][et_pb_row _builder_version=&#8220;3.0.71&#8243; background_color=&#8220;#ffffff&#8220;][et_pb_column type=&#8220;3_4&#8243; _builder_version=&#8220;3.0.47&#8243; parallax=&#8220;off&#8220; parallax_method=&#8220;on&#8220;][et_pb_text _builder_version=&#8220;3.0.71&#8243; text_font=&#8220;Amatic SC||||&#8220; text_text_color=&#8220;#e02b20&#8243; text_font_size=&#8220;110px&#8220; text_letter_spacing=&#8220;4px&#8220; text_line_height=&#8220;1px&#8220; text_orientation=&#8220;center&#8220; module_alignment=&#8220;center&#8220; custom_margin=&#8220;|||&#8220; custom_padding=&#8220;60px|25px|80px|25px&#8220;] Club der Laborratten [\/et_pb_text][et_pb_text _builder_version=&#8220;3.0.74&#8243; header_font=&#8220;|on|||&#8220; header_text_color=&#8220;#444444&#8243;] &#8222;Das Spiel ist die h\u00f6chste Form der Forschung&#8220; Albert Einstein [\/et_pb_text][et_pb_text _builder_version=&#8220;3.0.74&#8243;][\/et_pb_text][\/et_pb_column][et_pb_column type=&#8220;1_4&#8243; _builder_version=&#8220;3.0.47&#8243; parallax=&#8220;off&#8220; parallax_method=&#8220;on&#8220;][et_pb_image src=&#8220;https:\/\/www.ilona-zimmermann.com\/laborratten\/wp-content\/uploads\/sites\/3\/2017\/09\/Labormaus-1.jpg&#8220; _builder_version=&#8220;3.0.74&#8243; animation_style=&#8220;slide&#8220; animation_direction=&#8220;left&#8220; animation_duration=&#8220;500ms&#8220; animation_intensity_slide=&#8220;10%&#8220;][\/et_pb_image][\/et_pb_column][\/et_pb_row][et_pb_row custom_padding=&#8220;27px|0px|28px|0px&#8220; _builder_version=&#8220;3.0.69&#8243;][et_pb_column type=&#8220;4_4&#8243; [&hellip;]\" \/>\n<meta property=\"og:url\" content=\"https:\/\/www.ilona-zimmermann.com\/laborratten\/\" \/>\n<meta property=\"og:site_name\" content=\"Club der Laborratten\" \/>\n<meta property=\"article:modified_time\" content=\"2018-12-09T16:14:18+00:00\" \/>\n<meta name=\"twitter:card\" content=\"summary\" \/>\n<meta name=\"twitter:label1\" content=\"Gesch\u00e4tzte Lesezeit\">\n\t<meta name=\"twitter:data1\" content=\"5\u00a0Minuten\">\n<script type=\"application\/ld+json\" class=\"yoast-schema-graph\">{\"@context\":\"https:\/\/schema.org\",\"@graph\":[{\"@type\":\"WebSite\",\"@id\":\"https:\/\/www.ilona-zimmermann.com\/laborratten\/#website\",\"url\":\"https:\/\/www.ilona-zimmermann.com\/laborratten\/\",\"name\":\"Club der Laborratten\",\"description\":\"Dr. Ilona Zimmermann\",\"potentialAction\":[{\"@type\":\"SearchAction\",\"target\":\"https:\/\/www.ilona-zimmermann.com\/laborratten\/?s={search_term_string}\",\"query-input\":\"required name=search_term_string\"}],\"inLanguage\":\"de\"},{\"@type\":\"WebPage\",\"@id\":\"https:\/\/www.ilona-zimmermann.com\/laborratten\/#webpage\",\"url\":\"https:\/\/www.ilona-zimmermann.com\/laborratten\/\",\"name\":\"Startseite - Club der Laborratten\",\"isPartOf\":{\"@id\":\"https:\/\/www.ilona-zimmermann.com\/laborratten\/#website\"},\"datePublished\":\"2017-08-22T13:19:53+00:00\",\"dateModified\":\"2018-12-09T16:14:18+00:00\",\"breadcrumb\":{\"@id\":\"https:\/\/www.ilona-zimmermann.com\/laborratten\/#breadcrumb\"},\"inLanguage\":\"de\",\"potentialAction\":[{\"@type\":\"ReadAction\",\"target\":[\"https:\/\/www.ilona-zimmermann.com\/laborratten\/\"]}]},{\"@type\":\"BreadcrumbList\",\"@id\":\"https:\/\/www.ilona-zimmermann.com\/laborratten\/#breadcrumb\",\"itemListElement\":[{\"@type\":\"ListItem\",\"position\":1,\"item\":{\"@type\":\"WebPage\",\"@id\":\"https:\/\/www.ilona-zimmermann.com\/laborratten\/\",\"url\":\"https:\/\/www.ilona-zimmermann.com\/laborratten\/\",\"name\":\"Startseite\"}},{\"@type\":\"ListItem\",\"position\":2,\"item\":{\"@type\":\"WebPage\",\"@id\":\"https:\/\/www.ilona-zimmermann.com\/laborratten\/\",\"url\":\"https:\/\/www.ilona-zimmermann.com\/laborratten\/\",\"name\":\"Startseite\"}}]}]}<\/script>\n<!-- \/ Yoast SEO plugin. -->","jetpack_shortlink":"https:\/\/wp.me\/P96lpI-M","jetpack-related-posts":[{"id":310,"url":"https:\/\/www.ilona-zimmermann.com\/laborratten\/agb\/","url_meta":{"origin":48,"position":0},"title":"AGB","date":"7. Januar 2018","format":false,"excerpt":"Allgemeine Gesch\u00e4ftsbedingungen Kurse Die Anmeldung erfolgt schriftlich mittels eines Anmeldeformulars des \u201eClub der Laborratten\u201c. Mit der Abgabe der unterzeichnenden Anmeldung kommt es zum Vertragsabschluss. Die Anmeldung verpflichtet zur Zahlung der gesamten Kursgeb\u00fchr Die Zahlung\u2026","rel":"","context":"\u00c4hnlicher Beitrag","img":{"alt_text":"","src":"","width":0,"height":0},"classes":[]},{"id":202,"url":"https:\/\/www.ilona-zimmermann.com\/laborratten\/datenschutzerklaerung\/","url_meta":{"origin":48,"position":1},"title":"Datenschutzerkl\u00e4rung","date":"7. September 2017","format":false,"excerpt":"Datenschutzerkl\u00e4rung Datenschutz Die Betreiber dieser Seiten nehmen den Schutz Ihrer pers\u00f6nlichen Daten sehr ernst. Wir behandeln Ihre personenbezogenen Daten vertraulich und entsprechend der gesetzlichen Datenschutzvorschriften sowie dieser Datenschutzerkl\u00e4rung. Die Nutzung unserer Webseite ist in der Regel ohne Angabe personenbezogener\u2026","rel":"","context":"\u00c4hnlicher Beitrag","img":{"alt_text":"","src":"","width":0,"height":0},"classes":[]},{"id":177,"url":"https:\/\/www.ilona-zimmermann.com\/laborratten\/impressum\/","url_meta":{"origin":48,"position":2},"title":"Impressum","date":"4. September 2017","format":false,"excerpt":"Impressum \u00a0 Angaben gem\u00e4\u00df \u00a7 5 TMG: \u00a0 Dr. Ilona Zimmermann Herbststr. 6 83620 Feldkirchen-Westerham \u00a0 Kontakt: \u00a0 Telefon: 0159-0605 1127 E-Mail: mail@ilonazimmermann. com \u00a0 Angaben zur Berufshaftpflichtversicherung: \u00a0 Name und Sitz des Versicherers:Zurich Insurance plc 53287 Bonn \u00a0\u2026","rel":"","context":"\u00c4hnlicher Beitrag","img":{"alt_text":"","src":"","width":0,"height":0},"classes":[]},{"id":90,"url":"https:\/\/www.ilona-zimmermann.com\/laborratten\/ueber-mich\/","url_meta":{"origin":48,"position":3},"title":"\u00dcber mich","date":"25. August 2017","format":false,"excerpt":"\u00dcber mich \u00a0 Gro\u00dfe Kinderaugen sehen mich fragend an: \u201ewas machen die Sterne tags\u00fcber und warum gibt es eigentlich \u00fcberhaupt Tag und Nacht?\u201c \u2013 Fragen die ich mir als Kind selbst gestellt habe. Fragen wie\u2026","rel":"","context":"\u00c4hnlicher Beitrag","img":{"alt_text":"","src":"","width":0,"height":0},"classes":[]}],"_links":{"self":[{"href":"https:\/\/www.ilona-zimmermann.com\/laborratten\/wp-json\/wp\/v2\/pages\/48"}],"collection":[{"href":"https:\/\/www.ilona-zimmermann.com\/laborratten\/wp-json\/wp\/v2\/pages"}],"about":[{"href":"https:\/\/www.ilona-zimmermann.com\/laborratten\/wp-json\/wp\/v2\/types\/page"}],"author":[{"embeddable":true,"href":"https:\/\/www.ilona-zimmermann.com\/laborratten\/wp-json\/wp\/v2\/users\/1"}],"replies":[{"embeddable":true,"href":"https:\/\/www.ilona-zimmermann.com\/laborratten\/wp-json\/wp\/v2\/comments?post=48"}],"version-history":[{"count":98,"href":"https:\/\/www.ilona-zimmermann.com\/laborratten\/wp-json\/wp\/v2\/pages\/48\/revisions"}],"predecessor-version":[{"id":379,"href":"https:\/\/www.ilona-zimmermann.com\/laborratten\/wp-json\/wp\/v2\/pages\/48\/revisions\/379"}],"wp:attachment":[{"href":"https:\/\/www.ilona-zimmermann.com\/laborratten\/wp-json\/wp\/v2\/media?parent=48"}],"curies":[{"name":"wp","href":"https:\/\/api.w.org\/{rel}","templated":true}]}}