{"id":90,"date":"2017-08-25T08:30:14","date_gmt":"2017-08-25T06:30:14","guid":{"rendered":"https:\/\/www.ilona-zimmermann.com\/laborratten\/?page_id=90"},"modified":"2017-09-01T21:34:06","modified_gmt":"2017-09-01T19:34:06","slug":"ueber-mich","status":"publish","type":"page","link":"https:\/\/www.ilona-zimmermann.com\/laborratten\/ueber-mich\/","title":{"rendered":"\u00dcber mich"},"content":{"rendered":"<p>[et_pb_section fb_built=&#8220;1&#8243; _builder_version=&#8220;3.0.71&#8243; background_color=&#8220;#0fc7ff&#8220;][et_pb_row _builder_version=&#8220;3.0.47&#8243; background_size=&#8220;initial&#8220; background_position=&#8220;top_left&#8220; background_repeat=&#8220;repeat&#8220;][et_pb_column type=&#8220;4_4&#8243; _builder_version=&#8220;3.0.69&#8243; parallax=&#8220;off&#8220; parallax_method=&#8220;on&#8220;][et_pb_text _builder_version=&#8220;3.0.71&#8243; background_color=&#8220;#ffffff&#8220; custom_padding=&#8220;25px|25px|25px|25px&#8220; inline_fonts=&#8220;Comfortaa&#8220;]<\/p>\n<h1>\u00dcber mich<\/h1>\n<p>&nbsp;<\/p>\n<p>Gro\u00dfe Kinderaugen sehen mich fragend an: <em>\u201ewas machen die Sterne tags\u00fcber und warum gibt es eigentlich \u00fcberhaupt Tag und Nacht?\u201c<\/em> \u2013 Fragen die ich mir als Kind selbst gestellt habe. Fragen wie diese, die mich durch meine Jugend begleitet, mich stets besch\u00e4ftigt und meinen Forscherdrang gen\u00e4hrt haben, haben mich dazu bewogen mein Wissen weiterzugeben. Nicht an Studenten, sondern an die kleinsten Wissenschaftler unter uns. An der Uni habe ich auch gelehrt, aber nichts ist vergleichbar mit dem erstaunten Gesichtsausdruck eines 5-J\u00e4hrigen, der physikalische Zusammenh\u00e4nge anhand eines Experiments versteht und verinnerlicht, ja daraus den Drang entwickelt mehr zu erfahren und sein Wissen zu vertiefen. Ich war auch mal so ein kleiner Knirps; wissbegierig, neugierig und noch keine Ahnung von der gro\u00dfen weiten Welt. Heute sehe ich in diese Kinderaugen wenn ein Experiment gl\u00fcckt und erkenne, wie sich ein weiteres Puzzlesteinchen zu seinem noch so kleinen, zarten Weltbild hinzuf\u00fcgt \u2013 was kann sich eine Wissenschaftlerin und Mutter mehr w\u00fcnschen, als diese Erkenntnis.<\/p>\n<p>[\/et_pb_text][\/et_pb_column][\/et_pb_row][\/et_pb_section]<\/p>\n","protected":false},"excerpt":{"rendered":"<p>[et_pb_section fb_built=&#8220;1&#8243; _builder_version=&#8220;3.0.71&#8243; background_color=&#8220;#0fc7ff&#8220;][et_pb_row _builder_version=&#8220;3.0.47&#8243; background_size=&#8220;initial&#8220; background_position=&#8220;top_left&#8220; background_repeat=&#8220;repeat&#8220;][et_pb_column type=&#8220;4_4&#8243; _builder_version=&#8220;3.0.69&#8243; parallax=&#8220;off&#8220; parallax_method=&#8220;on&#8220;][et_pb_text _builder_version=&#8220;3.0.71&#8243; background_color=&#8220;#ffffff&#8220; custom_padding=&#8220;25px|25px|25px|25px&#8220; inline_fonts=&#8220;Comfortaa&#8220;] \u00dcber mich &nbsp; Gro\u00dfe Kinderaugen sehen mich fragend an: \u201ewas machen die Sterne tags\u00fcber und warum gibt es eigentlich \u00fcberhaupt Tag und Nacht?\u201c \u2013 Fragen die ich mir als Kind selbst gestellt habe. Fragen wie diese, die mich durch [&hellip;]<\/p>\n","protected":false},"author":1,"featured_media":0,"parent":0,"menu_order":0,"comment_status":"closed","ping_status":"closed","template":"","meta":{"_et_pb_use_builder":"on","_et_pb_old_content":"","_et_gb_content_width":"","spay_email":""},"yoast_head":"<!-- This site is optimized with the Yoast SEO plugin v16.0.2 - https:\/\/yoast.com\/wordpress\/plugins\/seo\/ -->\n<title>\u00dcber mich - Club der Laborratten<\/title>\n<link rel=\"canonical\" href=\"https:\/\/www.ilona-zimmermann.com\/laborratten\/ueber-mich\/\" \/>\n<meta property=\"og:locale\" content=\"de_DE\" \/>\n<meta property=\"og:type\" content=\"article\" \/>\n<meta property=\"og:title\" content=\"\u00dcber mich - Club der Laborratten\" \/>\n<meta property=\"og:description\" content=\"[et_pb_section fb_built=&#8220;1&#8243; _builder_version=&#8220;3.0.71&#8243; background_color=&#8220;#0fc7ff&#8220;][et_pb_row _builder_version=&#8220;3.0.47&#8243; background_size=&#8220;initial&#8220; background_position=&#8220;top_left&#8220; background_repeat=&#8220;repeat&#8220;][et_pb_column type=&#8220;4_4&#8243; _builder_version=&#8220;3.0.69&#8243; parallax=&#8220;off&#8220; parallax_method=&#8220;on&#8220;][et_pb_text _builder_version=&#8220;3.0.71&#8243; background_color=&#8220;#ffffff&#8220; custom_padding=&#8220;25px|25px|25px|25px&#8220; inline_fonts=&#8220;Comfortaa&#8220;] \u00dcber mich &nbsp; Gro\u00dfe Kinderaugen sehen mich fragend an: \u201ewas machen die Sterne tags\u00fcber und warum gibt es eigentlich \u00fcberhaupt Tag und Nacht?\u201c \u2013 Fragen die ich mir als Kind selbst gestellt habe. Fragen wie diese, die mich durch [&hellip;]\" \/>\n<meta property=\"og:url\" content=\"https:\/\/www.ilona-zimmermann.com\/laborratten\/ueber-mich\/\" \/>\n<meta property=\"og:site_name\" content=\"Club der Laborratten\" \/>\n<meta property=\"article:modified_time\" content=\"2017-09-01T19:34:06+00:00\" \/>\n<meta name=\"twitter:card\" content=\"summary\" \/>\n<meta name=\"twitter:label1\" content=\"Gesch\u00e4tzte Lesezeit\">\n\t<meta name=\"twitter:data1\" content=\"1\u00a0Minute\">\n<script type=\"application\/ld+json\" class=\"yoast-schema-graph\">{\"@context\":\"https:\/\/schema.org\",\"@graph\":[{\"@type\":\"WebSite\",\"@id\":\"https:\/\/www.ilona-zimmermann.com\/laborratten\/#website\",\"url\":\"https:\/\/www.ilona-zimmermann.com\/laborratten\/\",\"name\":\"Club der Laborratten\",\"description\":\"Dr. Ilona Zimmermann\",\"potentialAction\":[{\"@type\":\"SearchAction\",\"target\":\"https:\/\/www.ilona-zimmermann.com\/laborratten\/?s={search_term_string}\",\"query-input\":\"required name=search_term_string\"}],\"inLanguage\":\"de\"},{\"@type\":\"WebPage\",\"@id\":\"https:\/\/www.ilona-zimmermann.com\/laborratten\/ueber-mich\/#webpage\",\"url\":\"https:\/\/www.ilona-zimmermann.com\/laborratten\/ueber-mich\/\",\"name\":\"\\u00dcber mich - Club der Laborratten\",\"isPartOf\":{\"@id\":\"https:\/\/www.ilona-zimmermann.com\/laborratten\/#website\"},\"datePublished\":\"2017-08-25T06:30:14+00:00\",\"dateModified\":\"2017-09-01T19:34:06+00:00\",\"breadcrumb\":{\"@id\":\"https:\/\/www.ilona-zimmermann.com\/laborratten\/ueber-mich\/#breadcrumb\"},\"inLanguage\":\"de\",\"potentialAction\":[{\"@type\":\"ReadAction\",\"target\":[\"https:\/\/www.ilona-zimmermann.com\/laborratten\/ueber-mich\/\"]}]},{\"@type\":\"BreadcrumbList\",\"@id\":\"https:\/\/www.ilona-zimmermann.com\/laborratten\/ueber-mich\/#breadcrumb\",\"itemListElement\":[{\"@type\":\"ListItem\",\"position\":1,\"item\":{\"@type\":\"WebPage\",\"@id\":\"https:\/\/www.ilona-zimmermann.com\/laborratten\/\",\"url\":\"https:\/\/www.ilona-zimmermann.com\/laborratten\/\",\"name\":\"Startseite\"}},{\"@type\":\"ListItem\",\"position\":2,\"item\":{\"@type\":\"WebPage\",\"@id\":\"https:\/\/www.ilona-zimmermann.com\/laborratten\/ueber-mich\/\",\"url\":\"https:\/\/www.ilona-zimmermann.com\/laborratten\/ueber-mich\/\",\"name\":\"\\u00dcber mich\"}}]}]}<\/script>\n<!-- \/ Yoast SEO plugin. -->","jetpack_shortlink":"https:\/\/wp.me\/P96lpI-1s","jetpack-related-posts":[{"id":48,"url":"https:\/\/www.ilona-zimmermann.com\/laborratten\/","url_meta":{"origin":90,"position":0},"title":"Startseite","date":"22. August 2017","format":false,"excerpt":"[et_pb_row\u2026","rel":"","context":"\u00c4hnlicher Beitrag","img":{"alt_text":"","src":"","width":0,"height":0},"classes":[]},{"id":202,"url":"https:\/\/www.ilona-zimmermann.com\/laborratten\/datenschutzerklaerung\/","url_meta":{"origin":90,"position":1},"title":"Datenschutzerkl\u00e4rung","date":"7. September 2017","format":false,"excerpt":"Datenschutzerkl\u00e4rung Datenschutz Die Betreiber dieser Seiten nehmen den Schutz Ihrer pers\u00f6nlichen Daten sehr ernst. Wir behandeln Ihre personenbezogenen Daten vertraulich und entsprechend der gesetzlichen Datenschutzvorschriften sowie dieser Datenschutzerkl\u00e4rung. Die Nutzung unserer Webseite ist in der Regel ohne Angabe personenbezogener\u2026","rel":"","context":"\u00c4hnlicher Beitrag","img":{"alt_text":"","src":"","width":0,"height":0},"classes":[]},{"id":177,"url":"https:\/\/www.ilona-zimmermann.com\/laborratten\/impressum\/","url_meta":{"origin":90,"position":2},"title":"Impressum","date":"4. September 2017","format":false,"excerpt":"Impressum \u00a0 Angaben gem\u00e4\u00df \u00a7 5 TMG: \u00a0 Dr. Ilona Zimmermann Herbststr. 6 83620 Feldkirchen-Westerham \u00a0 Kontakt: \u00a0 Telefon: 0159-0605 1127 E-Mail: mail@ilonazimmermann. com \u00a0 Angaben zur Berufshaftpflichtversicherung: \u00a0 Name und Sitz des Versicherers:Zurich Insurance plc 53287 Bonn \u00a0\u2026","rel":"","context":"\u00c4hnlicher Beitrag","img":{"alt_text":"","src":"","width":0,"height":0},"classes":[]},{"id":310,"url":"https:\/\/www.ilona-zimmermann.com\/laborratten\/agb\/","url_meta":{"origin":90,"position":3},"title":"AGB","date":"7. Januar 2018","format":false,"excerpt":"Allgemeine Gesch\u00e4ftsbedingungen Kurse Die Anmeldung erfolgt schriftlich mittels eines Anmeldeformulars des \u201eClub der Laborratten\u201c. Mit der Abgabe der unterzeichnenden Anmeldung kommt es zum Vertragsabschluss. Die Anmeldung verpflichtet zur Zahlung der gesamten Kursgeb\u00fchr Die Zahlung\u2026","rel":"","context":"\u00c4hnlicher Beitrag","img":{"alt_text":"","src":"","width":0,"height":0},"classes":[]}],"_links":{"self":[{"href":"https:\/\/www.ilona-zimmermann.com\/laborratten\/wp-json\/wp\/v2\/pages\/90"}],"collection":[{"href":"https:\/\/www.ilona-zimmermann.com\/laborratten\/wp-json\/wp\/v2\/pages"}],"about":[{"href":"https:\/\/www.ilona-zimmermann.com\/laborratten\/wp-json\/wp\/v2\/types\/page"}],"author":[{"embeddable":true,"href":"https:\/\/www.ilona-zimmermann.com\/laborratten\/wp-json\/wp\/v2\/users\/1"}],"replies":[{"embeddable":true,"href":"https:\/\/www.ilona-zimmermann.com\/laborratten\/wp-json\/wp\/v2\/comments?post=90"}],"version-history":[{"count":5,"href":"https:\/\/www.ilona-zimmermann.com\/laborratten\/wp-json\/wp\/v2\/pages\/90\/revisions"}],"predecessor-version":[{"id":166,"href":"https:\/\/www.ilona-zimmermann.com\/laborratten\/wp-json\/wp\/v2\/pages\/90\/revisions\/166"}],"wp:attachment":[{"href":"https:\/\/www.ilona-zimmermann.com\/laborratten\/wp-json\/wp\/v2\/media?parent=90"}],"curies":[{"name":"wp","href":"https:\/\/api.w.org\/{rel}","templated":true}]}}